{"id":56,"date":"2025-01-11T12:31:37","date_gmt":"2025-01-11T12:31:37","guid":{"rendered":"https:\/\/www.shaveless.fi\/?page_id=56"},"modified":"2025-12-21T17:11:24","modified_gmt":"2025-12-21T17:11:24","slug":"mita-on-laserkarvanpoisto","status":"publish","type":"page","link":"https:\/\/www.shaveless.fi\/?page_id=56","title":{"rendered":"Mit\u00e4 on laserkarvanpoisto?"},"content":{"rendered":"\n<div class=\"wp-block-columns alignwide is-layout-flex wp-container-core-columns-is-layout-0b577f17 wp-block-columns-is-layout-flex\" style=\"padding-top:0;padding-right:0;padding-bottom:0;padding-left:0\">\n<div class=\"wp-block-column is-vertically-aligned-center is-layout-flow wp-block-column-is-layout-flow\">\n<p><strong>Mit\u00e4 laserkarvanpoisto on ja miten se toimii?<\/strong><br>Laserkarvanpoisto on nykyaikainen ja tehokas menetelm\u00e4 pysyv\u00e4\u00e4n karvanpoistoon. Hoidossa k\u00e4ytet\u00e4\u00e4n tarkasti kohdistettua laservaloa, joka ohjataan karvatuppeihin. Valo imeytyy karvan tummaan pigmenttiin ja muuntuu l\u00e4mm\u00f6ksi, mik\u00e4 tuhoaa karvatuppia ymp\u00e4r\u00f6ivi\u00e4 kudoksia vahingoittamatta ihoa. Kun karvatuppia on k\u00e4sitelty riitt\u00e4v\u00e4sti, ne eiv\u00e4t en\u00e4\u00e4 kykene kasvattamaan uusia karvoja.<\/p>\n\n\n\n<p><strong>Miten hoito etenee?<\/strong><br>Ennen hoitoa tehd\u00e4\u00e4n aina arvio asiakkaan ihotyypist\u00e4 ja karvan rakenteesta. T\u00e4m\u00e4 varmistaa, ett\u00e4 laite voidaan s\u00e4\u00e4t\u00e4\u00e4 juuri oikeille asetuksille. Itse hoito tuntuu yleens\u00e4 vain kevyen\u00e4 nipistyksen\u00e4 tai l\u00e4mm\u00f6ntunteena iholla, ja se kest\u00e4\u00e4 alueesta riippuen muutamista minuuteista noin tuntiin. Hoidon j\u00e4lkeen iho voi olla hieman punainen tai l\u00e4mmin, mutta n\u00e4m\u00e4 reaktiot rauhoittuvat yleens\u00e4 nopeasti. Meid\u00e4n tarjoamissa laitteissa on j\u00e4\u00e4hdytys ja testien perusteella hoitoa saaneet eiv\u00e4t tunteneet ep\u00e4mukavuutta, eik\u00e4 l\u00e4mm\u00f6ntunnetta. Palautteen mukaan hoito oli miellytt\u00e4v\u00e4\u00e4.<\/p>\n\n\n\n<p><strong>Miksi laitteella on merkityst\u00e4?<\/strong><br>Laserkarvanpoisto on turvallinen ja tehokas vain silloin, kun se tehd\u00e4\u00e4n ammattik\u00e4ytt\u00f6\u00f6n tarkoitetulla laitteella. Tehokas laite varmistaa, ett\u00e4 energia kohdistuu tarkasti karvatuppiin ja tulokset saavutetaan nopeasti. Tehokas laite on turvallisempi sill\u00e4 se l\u00e4hett\u00e4\u00e4 lyhyempi\u00e4 ja tehokkaampia l\u00e4mp\u00f6impulsseja. Turvallisuus on ensiarvoisen t\u00e4rke\u00e4\u00e4: laite, joka on suunniteltu ammattilaisten k\u00e4ytt\u00f6\u00f6n, suojaa ihoa liialliselta kuumuudelta ja v\u00e4hent\u00e4\u00e4 riskej\u00e4, kuten palovammoja tai pigmenttimuutoksia.<\/p>\n\n\n\n<p><strong>Meid\u00e4n laitteemme<\/strong><br>K\u00e4yt\u00f6ss\u00e4mme on huippuluokan laserlaite, joka yhdist\u00e4\u00e4 tehokkuuden ja turvallisuuden:<\/p>\n\n\n\n<ul class=\"wp-block-list\">\n<li><strong>1200W laserteho<\/strong> (12 x 100W), joka mahdollistaa nopean ja perusteellisen hoidon.<\/li>\n\n\n\n<li><strong>3 aallonpituutta ja monipuoliset s\u00e4\u00e4t\u00f6mahdollisuudet<\/strong>, jotka mahdollistavat yksil\u00f6llisesti r\u00e4\u00e4t\u00e4l\u00f6idyt hoidot eri ihotyypeille ja karvalaaduille.<\/li>\n\n\n\n<li><strong>K\u00e4ytt\u00e4j\u00e4yst\u00e4v\u00e4llinen kosketusn\u00e4ytt\u00f6 k\u00e4ytt\u00f6liittym\u00e4<\/strong>, joka tekee hoidon suunnittelusta ja hallinnasta helppoa ja suoraviivaista.<\/li>\n\n\n\n<li><strong>J\u00e4\u00e4hdytyksell\u00e4 varustettu kahva<\/strong>, jossa on oma kosketusn\u00e4ytt\u00f6 pulssien m\u00e4\u00e4r\u00e4n seuraamiseen ja toimintojen s\u00e4\u00e4t\u00e4miseen. J\u00e4\u00e4hdytys ja pulssien dynaaminen s\u00e4\u00e4t\u00f6 takaa loppuk\u00e4ytt\u00e4j\u00e4lle mukavan ja rentouttavan hoitokokemuksen ilman kipua ja kuumuutta.<\/li>\n\n\n\n<li><strong>1400W nestej\u00e4\u00e4hdytys<\/strong>, jonka ansiosta laitetta voidaan k\u00e4ytt\u00e4\u00e4 jatkuvasti ilman ylikuumenemista.<\/li>\n<\/ul>\n\n\n\n<p><\/p>\n\n\n\n<p><strong>Ammattilaisen rooli<\/strong><br>Koulutettu ammattilainen osaa valita oikeat asetukset ja arvioida ihon yksil\u00f6lliset tarpeet. T\u00e4m\u00e4 tekee hoidosta paitsi tehokkaan my\u00f6s turvallisen. Kun yhdistet\u00e4\u00e4n laadukas laite ja asiantunteva tekij\u00e4, voidaan saavuttaa tuloksia, jotka ovat sek\u00e4 pitk\u00e4kestoisia ett\u00e4 miellytt\u00e4vi\u00e4 asiakkaalle. Me tarjoamme sek\u00e4 koulutukset, ett\u00e4 laadukkaan laitteen!<\/p>\n<\/div>\n\n\n\n<div class=\"wp-block-column is-layout-flow wp-block-column-is-layout-flow\" style=\"flex-basis:40%\">\n<figure class=\"wp-block-image size-full has-custom-border is-style-default\"><img loading=\"lazy\" decoding=\"async\" width=\"1024\" height=\"1536\" src=\"http:\/\/www.shaveless.fi\/wp-content\/uploads\/2025\/09\/ChatGPT-Image-Sep-25-2025-07_34_47-PM.png\" alt=\"\" class=\"wp-image-105\" style=\"border-radius:8px;aspect-ratio:1;object-fit:cover\" srcset=\"https:\/\/www.shaveless.fi\/wp-content\/uploads\/2025\/09\/ChatGPT-Image-Sep-25-2025-07_34_47-PM.png 1024w, https:\/\/www.shaveless.fi\/wp-content\/uploads\/2025\/09\/ChatGPT-Image-Sep-25-2025-07_34_47-PM-200x300.png 200w, https:\/\/www.shaveless.fi\/wp-content\/uploads\/2025\/09\/ChatGPT-Image-Sep-25-2025-07_34_47-PM-683x1024.png 683w, https:\/\/www.shaveless.fi\/wp-content\/uploads\/2025\/09\/ChatGPT-Image-Sep-25-2025-07_34_47-PM-768x1152.png 768w\" sizes=\"auto, (max-width: 1024px) 100vw, 1024px\" \/><\/figure>\n<\/div>\n<\/div>\n\n\n\n<div id=\"wp-block-themeisle-blocks-accordion-97214a09\" class=\"wp-block-themeisle-blocks-accordion exclusive\">\n<details class=\"wp-block-themeisle-blocks-accordion-item\"><summary class=\"wp-block-themeisle-blocks-accordion-item__title\"><div>Onko laserkarvanpoisto turvallista?<\/div><\/summary><div class=\"wp-block-themeisle-blocks-accordion-item__content\">\n<p>Laserkarvanpoisto on turvallinen hoitomuoto, kun se tehd\u00e4\u00e4n koulutetun ammattilaisen toimesta ja laadukkailla laitteilla. Hoidossa k\u00e4ytet\u00e4\u00e4n tarkasti s\u00e4\u00e4detty\u00e4 laservaloa, joka kohdistuu vain karvatuppiin vahingoittamatta ymp\u00e4r\u00f6iv\u00e4\u00e4 ihoa. Ennen hoitoa tehd\u00e4\u00e4n aina ihotyypin ja karvan laadun arviointi, jotta asetukset voidaan valita yksil\u00f6llisesti ja turvallisesti. Laitteessamme on kattavat ja helppok\u00e4ytt\u00f6iset s\u00e4\u00e4t\u00f6mahdollisuudet, jotka takaavat turvalliset ja miellytt\u00e4v\u00e4t hoidot. Meilt\u00e4 saat my\u00f6s vastuul\u00e4\u00e4k\u00e4ripalvelun ja maksuttomat koulutukset laitteen k\u00e4ytt\u00f6\u00f6n. Oikein toteutettuna laserkarvanpoisto on hell\u00e4varainen, hygieeninen ja pitk\u00e4aikainen ratkaisu ei-toivotun karvoituksen poistoon.<\/p>\n<\/div><\/details>\n\n\n\n<details class=\"wp-block-themeisle-blocks-accordion-item\"><summary class=\"wp-block-themeisle-blocks-accordion-item__title\"><div>Kuinka pitk\u00e4\u00e4n karvat pysyv\u00e4t poissa?<\/div><\/summary><div class=\"wp-block-themeisle-blocks-accordion-item__content\">\n<p>Meid\u00e4n k\u00e4ytt\u00e4m\u00e4ll\u00e4mme huippuluokan laitteella tulokset n\u00e4kyv\u00e4t nopeasti. Testiemme perusteella jo <strong>kahden hoitokerran j\u00e4lkeen karvat eiv\u00e4t en\u00e4\u00e4 kasvaneet takaisin<\/strong> k\u00e4sitellyll\u00e4 alueella. Ensimm\u00e4isen hoidon j\u00e4lkeen karvojen kasvu v\u00e4henee ja toisen kerran j\u00e4lkeen saavutetaan yleens\u00e4 tilanne, jossa karvat eiv\u00e4t en\u00e4\u00e4 kasva. Suositamme kuitenkin kolmea hoitokertaa, sill\u00e4 yksil\u00f6iden v\u00e4lill\u00e4 on eroja. Jotta hoidettu alue s\u00e4ilyy karvattomana t\u00e4ytyy asiakkaan tehd\u00e4 v\u00e4hint\u00e4\u00e4n yksi yll\u00e4pitohoito yksil\u00f6st\u00e4 riippuen 8-12kk v\u00e4lein. Yll\u00e4pitohoitojen tarve on yksil\u00f6llist\u00e4 <\/p>\n\n\n\n<p>Tehokkaan teknologiamme ansiosta hoidot ovat miellytt\u00e4vi\u00e4 ja n\u00e4kyvi\u00e4 tuloksia saavutetaan nopeasti!<\/p>\n\n\n\n<p><\/p>\n<\/div><\/details>\n<\/div>\n\n\n\n<p><\/p>\n","protected":false},"excerpt":{"rendered":"<p>Mit\u00e4 laserkarvanpoisto on ja miten se toimii?Laserkarvanpoisto on nykyaikainen ja tehokas menetelm\u00e4 pysyv\u00e4\u00e4n karvanpoistoon. Hoidossa k\u00e4ytet\u00e4\u00e4n tarkasti kohdistettua laservaloa, joka ohjataan karvatuppeihin. Valo imeytyy karvan tummaan pigmenttiin ja muuntuu l\u00e4mm\u00f6ksi, mik\u00e4 tuhoaa karvatuppia ymp\u00e4r\u00f6ivi\u00e4 kudoksia vahingoittamatta ihoa. Kun karvatuppia on k\u00e4sitelty riitt\u00e4v\u00e4sti, ne eiv\u00e4t en\u00e4\u00e4 kykene kasvattamaan uusia karvoja. Miten [&hellip;]<\/p>\n","protected":false},"author":2,"featured_media":104,"parent":0,"menu_order":0,"comment_status":"closed","ping_status":"closed","template":"","meta":{"_themeisle_gutenberg_block_has_review":false,"footnotes":""},"class_list":["post-56","page","type-page","status-publish","has-post-thumbnail","hentry"],"_links":{"self":[{"href":"https:\/\/www.shaveless.fi\/index.php?rest_route=\/wp\/v2\/pages\/56","targetHints":{"allow":["GET"]}}],"collection":[{"href":"https:\/\/www.shaveless.fi\/index.php?rest_route=\/wp\/v2\/pages"}],"about":[{"href":"https:\/\/www.shaveless.fi\/index.php?rest_route=\/wp\/v2\/types\/page"}],"author":[{"embeddable":true,"href":"https:\/\/www.shaveless.fi\/index.php?rest_route=\/wp\/v2\/users\/2"}],"replies":[{"embeddable":true,"href":"https:\/\/www.shaveless.fi\/index.php?rest_route=%2Fwp%2Fv2%2Fcomments&post=56"}],"version-history":[{"count":11,"href":"https:\/\/www.shaveless.fi\/index.php?rest_route=\/wp\/v2\/pages\/56\/revisions"}],"predecessor-version":[{"id":173,"href":"https:\/\/www.shaveless.fi\/index.php?rest_route=\/wp\/v2\/pages\/56\/revisions\/173"}],"wp:featuredmedia":[{"embeddable":true,"href":"https:\/\/www.shaveless.fi\/index.php?rest_route=\/wp\/v2\/media\/104"}],"wp:attachment":[{"href":"https:\/\/www.shaveless.fi\/index.php?rest_route=%2Fwp%2Fv2%2Fmedia&parent=56"}],"curies":[{"name":"wp","href":"https:\/\/api.w.org\/{rel}","templated":true}]}}