{"id":111,"date":"2025-09-25T16:45:39","date_gmt":"2025-09-25T16:45:39","guid":{"rendered":"https:\/\/www.shaveless.fi\/?page_id=111"},"modified":"2025-12-21T17:18:36","modified_gmt":"2025-12-21T17:18:36","slug":"about","status":"publish","type":"page","link":"https:\/\/www.shaveless.fi\/?page_id=111","title":{"rendered":"Etsimme pilottikumppaneita!"},"content":{"rendered":"\n<h1 class=\"wp-block-heading\">Uuden sukupolven ratkaisu laserhoitoihin \u2013 helposti kuukausimaksulla<\/h1>\n\n\n\n<p>Haluaisitko tarjota asiakkaillesi laadukkaita laserhoitoja ilman suuria alkuinvestointeja? Meid\u00e4n palvelumme tekee sen mahdolliseksi. Tarjoamme kokonaisratkaisun, joka tuo hoitoty\u00f6h\u00f6si huipputeknologian, osaamisen ja tuen \u2013 kaikki yhdell\u00e4 kiinte\u00e4ll\u00e4 kuukausimaksulla.<\/p>\n\n\n\n<h2 class=\"wp-block-heading\">Miksi valita meid\u00e4t?<\/h2>\n\n\n\n<ul class=\"wp-block-list\">\n<li><strong>Huippuluokan laserlaitteet<\/strong> \u2013 ammattik\u00e4ytt\u00f6\u00f6n suunniteltu laite, jonka avulla laajennat palvelujasi heti.<\/li>\n\n\n\n<li><strong>Laitekoulutukset sis\u00e4ltyv\u00e4t hintaan<\/strong> \u2013 opit hy\u00f6dynt\u00e4m\u00e4\u00e4n laitteita tehokkaasti ja turvallisesti.<\/li>\n\n\n\n<li><strong>Jatkuva tuki ja neuvonta<\/strong> \u2013 et j\u00e4\u00e4 yksin, vaan saat aina asiantuntevaa apua.<\/li>\n\n\n\n<li><strong>Vastuul\u00e4\u00e4k\u00e4ripalvelu<\/strong> \u2013 mik\u00e4li teill\u00e4 ei ole vastuul\u00e4\u00e4k\u00e4ri\u00e4, saatte palvelun helposti meid\u00e4n kauttamme.<\/li>\n<\/ul>\n\n\n\n<h2 class=\"wp-block-heading\">Edullisesti ja riskitt\u00f6m\u00e4sti<\/h2>\n\n\n\n<p>Unohda isot kertainvestoinnit \u2013 maksat vain selke\u00e4\u00e4 kuukausimaksua. Sopimus on voimassa v\u00e4hint\u00e4\u00e4n 3 kuukautta, jonka j\u00e4lkeen voit jatkaa joustavasti niin kauan kuin haluat. N\u00e4in saat mahdollisuuden testata palvelua k\u00e4yt\u00e4nn\u00f6ss\u00e4 ilman suurta sitoutumista.<\/p>\n\n\n\n<h2 class=\"wp-block-heading\">Erikoistarjous pilottikumppaneille<\/h2>\n\n\n\n<p>Nyt sinulla on mahdollisuus l\u00e4hte\u00e4 ensimm\u00e4isten joukossa mukaan ja saada palvelumme <strong>alennettuun pilottihintaan<\/strong>. T\u00e4m\u00e4 on ainutlaatuinen tilaisuus ottaa laserhoidot k\u00e4ytt\u00f6\u00f6n riskitt\u00f6m\u00e4sti ja kasvattaa liiketoimintaasi.<\/p>\n\n\n\n<h2 class=\"wp-block-heading\">\ud83d\udc49 Ota yhteytt\u00e4 jo t\u00e4n\u00e4\u00e4n ja varaa paikkasi pilottikumppanina \u2013 paikkoja on rajoitetusti!<\/h2>\n\n\n\n<h3 class=\"wp-block-heading\"><a href=\"mailto:info@shaveless.fi\">marko@shaveless.fi<\/a><\/h3>\n\n\n\n<h3 class=\"wp-block-heading\">+358 40 503 6011<\/h3>\n\n\n\n<p><\/p>\n","protected":false},"excerpt":{"rendered":"<p>Uuden sukupolven ratkaisu laserhoitoihin \u2013 helposti kuukausimaksulla Haluaisitko tarjota asiakkaillesi laadukkaita laserhoitoja ilman suuria alkuinvestointeja? Meid\u00e4n palvelumme tekee sen mahdolliseksi. Tarjoamme kokonaisratkaisun, joka tuo hoitoty\u00f6h\u00f6si huipputeknologian, osaamisen ja tuen \u2013 kaikki yhdell\u00e4 kiinte\u00e4ll\u00e4 kuukausimaksulla. Miksi valita meid\u00e4t? Edullisesti ja riskitt\u00f6m\u00e4sti Unohda isot kertainvestoinnit \u2013 maksat vain selke\u00e4\u00e4 kuukausimaksua. Sopimus on [&hellip;]<\/p>\n","protected":false},"author":1,"featured_media":104,"parent":0,"menu_order":0,"comment_status":"closed","ping_status":"closed","template":"","meta":{"_themeisle_gutenberg_block_has_review":false,"footnotes":""},"class_list":["post-111","page","type-page","status-publish","has-post-thumbnail","hentry"],"_links":{"self":[{"href":"https:\/\/www.shaveless.fi\/index.php?rest_route=\/wp\/v2\/pages\/111","targetHints":{"allow":["GET"]}}],"collection":[{"href":"https:\/\/www.shaveless.fi\/index.php?rest_route=\/wp\/v2\/pages"}],"about":[{"href":"https:\/\/www.shaveless.fi\/index.php?rest_route=\/wp\/v2\/types\/page"}],"author":[{"embeddable":true,"href":"https:\/\/www.shaveless.fi\/index.php?rest_route=\/wp\/v2\/users\/1"}],"replies":[{"embeddable":true,"href":"https:\/\/www.shaveless.fi\/index.php?rest_route=%2Fwp%2Fv2%2Fcomments&post=111"}],"version-history":[{"count":6,"href":"https:\/\/www.shaveless.fi\/index.php?rest_route=\/wp\/v2\/pages\/111\/revisions"}],"predecessor-version":[{"id":175,"href":"https:\/\/www.shaveless.fi\/index.php?rest_route=\/wp\/v2\/pages\/111\/revisions\/175"}],"wp:featuredmedia":[{"embeddable":true,"href":"https:\/\/www.shaveless.fi\/index.php?rest_route=\/wp\/v2\/media\/104"}],"wp:attachment":[{"href":"https:\/\/www.shaveless.fi\/index.php?rest_route=%2Fwp%2Fv2%2Fmedia&parent=111"}],"curies":[{"name":"wp","href":"https:\/\/api.w.org\/{rel}","templated":true}]}}